{"id":6157,"date":"2026-01-27T09:02:51","date_gmt":"2026-01-27T09:02:51","guid":{"rendered":"https:\/\/teranohub.com\/dla-gastronomii\/"},"modified":"2026-01-29T09:12:27","modified_gmt":"2026-01-29T09:12:27","slug":"dla-gastronomii","status":"publish","type":"page","link":"https:\/\/teranohub.com\/pl\/teranohub-ou\/strony-internetowe\/dla-gastronomii\/","title":{"rendered":"Dla Gastronomii"},"content":{"rendered":"\n\n\n\n\n\n\n\n","protected":false},"excerpt":{"rendered":"","protected":false},"author":1,"featured_media":6164,"parent":5842,"menu_order":2,"comment_status":"closed","ping_status":"closed","template":"page-dla-gastronomii-template","meta":{"saved_in_kubio":true,"_seopress_robots_primary_cat":"","_seopress_titles_title":"Strony internetowe dla gastronomii | TeranoHub O\u00dc","_seopress_titles_desc":"Nowoczesne strony internetowe dla restauracji, kawiarni i bar\u00f3w. Zwi\u0119ksz rezerwacje i widoczno\u015b\u0107 w sieci z TeranoHub O\u00dc!","_seopress_robots_index":"","footnotes":""},"class_list":["post-6157","page","type-page","status-publish","has-post-thumbnail","hentry"],"kubio_ai_page_context":{"short_desc":"","purpose":"general"},"_links":{"self":[{"href":"https:\/\/teranohub.com\/pl\/wp-json\/wp\/v2\/pages\/6157","targetHints":{"allow":["GET"]}}],"collection":[{"href":"https:\/\/teranohub.com\/pl\/wp-json\/wp\/v2\/pages"}],"about":[{"href":"https:\/\/teranohub.com\/pl\/wp-json\/wp\/v2\/types\/page"}],"author":[{"embeddable":true,"href":"https:\/\/teranohub.com\/pl\/wp-json\/wp\/v2\/users\/1"}],"replies":[{"embeddable":true,"href":"https:\/\/teranohub.com\/pl\/wp-json\/wp\/v2\/comments?post=6157"}],"version-history":[{"count":7,"href":"https:\/\/teranohub.com\/pl\/wp-json\/wp\/v2\/pages\/6157\/revisions"}],"predecessor-version":[{"id":6194,"href":"https:\/\/teranohub.com\/pl\/wp-json\/wp\/v2\/pages\/6157\/revisions\/6194"}],"up":[{"embeddable":true,"href":"https:\/\/teranohub.com\/pl\/wp-json\/wp\/v2\/pages\/5842"}],"wp:featuredmedia":[{"embeddable":true,"href":"https:\/\/teranohub.com\/pl\/wp-json\/wp\/v2\/media\/6164"}],"wp:attachment":[{"href":"https:\/\/teranohub.com\/pl\/wp-json\/wp\/v2\/media?parent=6157"}],"curies":[{"name":"wp","href":"https:\/\/api.w.org\/{rel}","templated":true}]}}