{"id":6107,"date":"2026-01-25T19:12:24","date_gmt":"2026-01-25T19:12:24","guid":{"rendered":"https:\/\/teranohub.com\/?page_id=6107"},"modified":"2026-01-29T08:13:02","modified_gmt":"2026-01-29T08:13:02","slug":"hotele-i-miejsca-noclegowe","status":"publish","type":"page","link":"https:\/\/teranohub.com\/pl\/teranohub-ou\/strony-internetowe\/hotele-i-miejsca-noclegowe\/","title":{"rendered":"Hotele i miejsca noclegowe"},"content":{"rendered":"\n\n\n\n\n\n\n\n","protected":false},"excerpt":{"rendered":"","protected":false},"author":1,"featured_media":6114,"parent":5842,"menu_order":1,"comment_status":"closed","ping_status":"closed","template":"page-hotele-template","meta":{"saved_in_kubio":true,"_seopress_robots_primary_cat":"","_seopress_titles_title":"Strony www dla hoteli \u2013 projekt, SEO, rezerwacje online","_seopress_titles_desc":"Profesjonalne strony internetowe dla hoteli, pensjonat\u00f3w i apartament\u00f3w z SEO, responsywno\u015bci\u0105 i systemem rezerwacji online \u2014 zwi\u0119ksz widoczno\u015b\u0107 i rezerwacje.","_seopress_robots_index":"","footnotes":""},"class_list":["post-6107","page","type-page","status-publish","has-post-thumbnail","hentry"],"kubio_ai_page_context":{"short_desc":"","purpose":"general"},"_links":{"self":[{"href":"https:\/\/teranohub.com\/pl\/wp-json\/wp\/v2\/pages\/6107","targetHints":{"allow":["GET"]}}],"collection":[{"href":"https:\/\/teranohub.com\/pl\/wp-json\/wp\/v2\/pages"}],"about":[{"href":"https:\/\/teranohub.com\/pl\/wp-json\/wp\/v2\/types\/page"}],"author":[{"embeddable":true,"href":"https:\/\/teranohub.com\/pl\/wp-json\/wp\/v2\/users\/1"}],"replies":[{"embeddable":true,"href":"https:\/\/teranohub.com\/pl\/wp-json\/wp\/v2\/comments?post=6107"}],"version-history":[{"count":19,"href":"https:\/\/teranohub.com\/pl\/wp-json\/wp\/v2\/pages\/6107\/revisions"}],"predecessor-version":[{"id":6192,"href":"https:\/\/teranohub.com\/pl\/wp-json\/wp\/v2\/pages\/6107\/revisions\/6192"}],"up":[{"embeddable":true,"href":"https:\/\/teranohub.com\/pl\/wp-json\/wp\/v2\/pages\/5842"}],"wp:featuredmedia":[{"embeddable":true,"href":"https:\/\/teranohub.com\/pl\/wp-json\/wp\/v2\/media\/6114"}],"wp:attachment":[{"href":"https:\/\/teranohub.com\/pl\/wp-json\/wp\/v2\/media?parent=6107"}],"curies":[{"name":"wp","href":"https:\/\/api.w.org\/{rel}","templated":true}]}}