{"id":6046,"date":"2026-01-25T17:48:29","date_gmt":"2026-01-25T17:48:29","guid":{"rendered":"https:\/\/teranohub.com\/?page_id=6046"},"modified":"2026-01-29T14:16:59","modified_gmt":"2026-01-29T14:16:59","slug":"polityka-prywatnosci","status":"publish","type":"page","link":"https:\/\/teranohub.com\/pl\/teranohub-ou\/polityka-prywatnosci\/","title":{"rendered":"Polityka Prywatno\u015bci"},"content":{"rendered":"\n\n\n\n\n\n\n\n\n\n\n\n\n\n\n\n\n\n\n\n\n\n\n\n\n\n\n\n\n\n\n\n\n\n\n\n\n\n\n\n\n\n\n\n\n\n\n\n\n\n\n\n\n\n\n\n\n\n\n\n\n\n\n\n","protected":false},"excerpt":{"rendered":"","protected":false},"author":1,"featured_media":6056,"parent":5525,"menu_order":0,"comment_status":"closed","ping_status":"closed","template":"page-polityka-prywatnosci-template","meta":{"saved_in_kubio":true,"_seopress_robots_primary_cat":"","_seopress_titles_title":"Polityka prywatno\u015bci TeranoHub O\u00dc \u2013 ochrona danych B2B","_seopress_titles_desc":"Dowiedz si\u0119, jak TeranoHub O\u00dc chroni dane klient\u00f3w B2B zgodnie z RODO i zapewnia bezpiecze\u0144stwo informacji oraz prywatno\u015b\u0107 u\u017cytkownik\u00f3w.","_seopress_robots_index":"","footnotes":""},"class_list":["post-6046","page","type-page","status-publish","has-post-thumbnail","hentry"],"kubio_ai_page_context":{"short_desc":"","purpose":"general"},"_links":{"self":[{"href":"https:\/\/teranohub.com\/pl\/wp-json\/wp\/v2\/pages\/6046","targetHints":{"allow":["GET"]}}],"collection":[{"href":"https:\/\/teranohub.com\/pl\/wp-json\/wp\/v2\/pages"}],"about":[{"href":"https:\/\/teranohub.com\/pl\/wp-json\/wp\/v2\/types\/page"}],"author":[{"embeddable":true,"href":"https:\/\/teranohub.com\/pl\/wp-json\/wp\/v2\/users\/1"}],"replies":[{"embeddable":true,"href":"https:\/\/teranohub.com\/pl\/wp-json\/wp\/v2\/comments?post=6046"}],"version-history":[{"count":7,"href":"https:\/\/teranohub.com\/pl\/wp-json\/wp\/v2\/pages\/6046\/revisions"}],"predecessor-version":[{"id":6202,"href":"https:\/\/teranohub.com\/pl\/wp-json\/wp\/v2\/pages\/6046\/revisions\/6202"}],"up":[{"embeddable":true,"href":"https:\/\/teranohub.com\/pl\/wp-json\/wp\/v2\/pages\/5525"}],"wp:featuredmedia":[{"embeddable":true,"href":"https:\/\/teranohub.com\/pl\/wp-json\/wp\/v2\/media\/6056"}],"wp:attachment":[{"href":"https:\/\/teranohub.com\/pl\/wp-json\/wp\/v2\/media?parent=6046"}],"curies":[{"name":"wp","href":"https:\/\/api.w.org\/{rel}","templated":true}]}}