{"id":6001,"date":"2026-01-25T15:27:32","date_gmt":"2026-01-25T15:27:32","guid":{"rendered":"https:\/\/teranohub.com\/?page_id=6001"},"modified":"2026-01-25T18:43:41","modified_gmt":"2026-01-25T18:43:41","slug":"faq","status":"publish","type":"page","link":"https:\/\/teranohub.com\/pl\/teranohub-ou\/faq\/","title":{"rendered":"FAQ"},"content":{"rendered":"\n\n","protected":false},"excerpt":{"rendered":"","protected":false},"author":1,"featured_media":0,"parent":5525,"menu_order":6,"comment_status":"closed","ping_status":"closed","template":"page-faq-template","meta":{"saved_in_kubio":true,"_seopress_robots_primary_cat":"","_seopress_titles_title":"FAQ: Generowanie lead\u00f3w B2B i cold mailing | TeranoHub O\u00dc","_seopress_titles_desc":"FAQ o lead generation B2B i cold mailingu. Sprawd\u017a proces, ceny, RODO i skuteczno\u015b\u0107 pozyskiwania klient\u00f3w biznesowych.","_seopress_robots_index":"","footnotes":""},"class_list":["post-6001","page","type-page","status-publish","hentry"],"kubio_ai_page_context":{"short_desc":"","purpose":"general"},"_links":{"self":[{"href":"https:\/\/teranohub.com\/pl\/wp-json\/wp\/v2\/pages\/6001","targetHints":{"allow":["GET"]}}],"collection":[{"href":"https:\/\/teranohub.com\/pl\/wp-json\/wp\/v2\/pages"}],"about":[{"href":"https:\/\/teranohub.com\/pl\/wp-json\/wp\/v2\/types\/page"}],"author":[{"embeddable":true,"href":"https:\/\/teranohub.com\/pl\/wp-json\/wp\/v2\/users\/1"}],"replies":[{"embeddable":true,"href":"https:\/\/teranohub.com\/pl\/wp-json\/wp\/v2\/comments?post=6001"}],"version-history":[{"count":4,"href":"https:\/\/teranohub.com\/pl\/wp-json\/wp\/v2\/pages\/6001\/revisions"}],"predecessor-version":[{"id":6101,"href":"https:\/\/teranohub.com\/pl\/wp-json\/wp\/v2\/pages\/6001\/revisions\/6101"}],"up":[{"embeddable":true,"href":"https:\/\/teranohub.com\/pl\/wp-json\/wp\/v2\/pages\/5525"}],"wp:attachment":[{"href":"https:\/\/teranohub.com\/pl\/wp-json\/wp\/v2\/media?parent=6001"}],"curies":[{"name":"wp","href":"https:\/\/api.w.org\/{rel}","templated":true}]}}