{"id":5966,"date":"2026-01-25T12:58:06","date_gmt":"2026-01-25T12:58:06","guid":{"rendered":"https:\/\/teranohub.com\/?page_id=5966"},"modified":"2026-01-25T18:35:31","modified_gmt":"2026-01-25T18:35:31","slug":"kontakt","status":"publish","type":"page","link":"https:\/\/teranohub.com\/pl\/teranohub-ou\/kontakt\/","title":{"rendered":"Kontakt"},"content":{"rendered":"\n\n\n\n","protected":false},"excerpt":{"rendered":"","protected":false},"author":1,"featured_media":4660,"parent":5525,"menu_order":4,"comment_status":"closed","ping_status":"closed","template":"page-kontakt-nowy-template","meta":{"saved_in_kubio":true,"_seopress_robots_primary_cat":"","_seopress_titles_title":"Kontakt B2B i Konsultacja Sprzeda\u017cy | TeranoHub","_seopress_titles_desc":"Skontaktuj si\u0119 z TeranoHub. Lead generation B2B, automatyzacja sprzeda\u017cy, strony internetowe i wsp\u00f3\u0142praca biznesowa. Odpowiadamy w 24\u201348h.","_seopress_robots_index":"","footnotes":""},"class_list":["post-5966","page","type-page","status-publish","has-post-thumbnail","hentry"],"kubio_ai_page_context":{"short_desc":"","purpose":"general"},"_links":{"self":[{"href":"https:\/\/teranohub.com\/pl\/wp-json\/wp\/v2\/pages\/5966","targetHints":{"allow":["GET"]}}],"collection":[{"href":"https:\/\/teranohub.com\/pl\/wp-json\/wp\/v2\/pages"}],"about":[{"href":"https:\/\/teranohub.com\/pl\/wp-json\/wp\/v2\/types\/page"}],"author":[{"embeddable":true,"href":"https:\/\/teranohub.com\/pl\/wp-json\/wp\/v2\/users\/1"}],"replies":[{"embeddable":true,"href":"https:\/\/teranohub.com\/pl\/wp-json\/wp\/v2\/comments?post=5966"}],"version-history":[{"count":9,"href":"https:\/\/teranohub.com\/pl\/wp-json\/wp\/v2\/pages\/5966\/revisions"}],"predecessor-version":[{"id":6089,"href":"https:\/\/teranohub.com\/pl\/wp-json\/wp\/v2\/pages\/5966\/revisions\/6089"}],"up":[{"embeddable":true,"href":"https:\/\/teranohub.com\/pl\/wp-json\/wp\/v2\/pages\/5525"}],"wp:featuredmedia":[{"embeddable":true,"href":"https:\/\/teranohub.com\/pl\/wp-json\/wp\/v2\/media\/4660"}],"wp:attachment":[{"href":"https:\/\/teranohub.com\/pl\/wp-json\/wp\/v2\/media?parent=5966"}],"curies":[{"name":"wp","href":"https:\/\/api.w.org\/{rel}","templated":true}]}}