{"id":5842,"date":"2026-01-24T15:44:43","date_gmt":"2026-01-24T15:44:43","guid":{"rendered":"https:\/\/teranohub.com\/?page_id=5842"},"modified":"2026-01-29T14:11:47","modified_gmt":"2026-01-29T14:11:47","slug":"strony-internetowe","status":"publish","type":"page","link":"https:\/\/teranohub.com\/pl\/teranohub-ou\/strony-internetowe\/","title":{"rendered":"Strony Internetowe"},"content":{"rendered":"\n\n\n\n\n\n\n\n\n\n","protected":false},"excerpt":{"rendered":"","protected":false},"author":1,"featured_media":5857,"parent":5525,"menu_order":3,"comment_status":"closed","ping_status":"closed","template":"page-strony-internetowe-nowe-template","meta":{"saved_in_kubio":true,"_seopress_robots_primary_cat":"","_seopress_titles_title":"Profesjonalne strony internetowe z SEO | TeranoHub O\u00dc","_seopress_titles_desc":"Nowoczesne strony internetowe z SEO, responsywne i szybkie. Dla firm, hoteli i gastronomii. Zwi\u0119ksz widoczno\u015b\u0107 w Google.","_seopress_robots_index":"","footnotes":""},"class_list":["post-5842","page","type-page","status-publish","has-post-thumbnail","hentry"],"kubio_ai_page_context":{"short_desc":"","purpose":"general"},"_links":{"self":[{"href":"https:\/\/teranohub.com\/pl\/wp-json\/wp\/v2\/pages\/5842","targetHints":{"allow":["GET"]}}],"collection":[{"href":"https:\/\/teranohub.com\/pl\/wp-json\/wp\/v2\/pages"}],"about":[{"href":"https:\/\/teranohub.com\/pl\/wp-json\/wp\/v2\/types\/page"}],"author":[{"embeddable":true,"href":"https:\/\/teranohub.com\/pl\/wp-json\/wp\/v2\/users\/1"}],"replies":[{"embeddable":true,"href":"https:\/\/teranohub.com\/pl\/wp-json\/wp\/v2\/comments?post=5842"}],"version-history":[{"count":55,"href":"https:\/\/teranohub.com\/pl\/wp-json\/wp\/v2\/pages\/5842\/revisions"}],"predecessor-version":[{"id":6196,"href":"https:\/\/teranohub.com\/pl\/wp-json\/wp\/v2\/pages\/5842\/revisions\/6196"}],"up":[{"embeddable":true,"href":"https:\/\/teranohub.com\/pl\/wp-json\/wp\/v2\/pages\/5525"}],"wp:featuredmedia":[{"embeddable":true,"href":"https:\/\/teranohub.com\/pl\/wp-json\/wp\/v2\/media\/5857"}],"wp:attachment":[{"href":"https:\/\/teranohub.com\/pl\/wp-json\/wp\/v2\/media?parent=5842"}],"curies":[{"name":"wp","href":"https:\/\/api.w.org\/{rel}","templated":true}]}}