{"id":5695,"date":"2026-01-21T09:41:30","date_gmt":"2026-01-21T09:41:30","guid":{"rendered":"https:\/\/teranohub.com\/?page_id=5695"},"modified":"2026-01-25T18:31:31","modified_gmt":"2026-01-25T18:31:31","slug":"o-nas","status":"publish","type":"page","link":"https:\/\/teranohub.com\/pl\/teranohub-ou\/o-nas\/","title":{"rendered":"O Nas"},"content":{"rendered":"\n\n","protected":false},"excerpt":{"rendered":"","protected":false},"author":1,"featured_media":4643,"parent":5525,"menu_order":1,"comment_status":"closed","ping_status":"closed","template":"page-o-nas-nowe-template","meta":{"saved_in_kubio":true,"_seopress_robots_primary_cat":"","_seopress_titles_title":"O nas \u2013 TeranoHub O\u00dc | Kompleksowe wsparcie sprzeda\u017cy","_seopress_titles_desc":"Poznaj TeranoHub O\u00dc \u2013 ekspert\u00f3w w generowaniu lead\u00f3w B2B, kampaniach cold mailing i wsparciu sprzeda\u017cy. Dowiedz si\u0119, jak pomagamy firmom zwi\u0119ksza\u0107 sprzeda\u017c.","_seopress_robots_index":"","footnotes":""},"class_list":["post-5695","page","type-page","status-publish","has-post-thumbnail","hentry"],"kubio_ai_page_context":{"short_desc":"","purpose":"general"},"_links":{"self":[{"href":"https:\/\/teranohub.com\/pl\/wp-json\/wp\/v2\/pages\/5695","targetHints":{"allow":["GET"]}}],"collection":[{"href":"https:\/\/teranohub.com\/pl\/wp-json\/wp\/v2\/pages"}],"about":[{"href":"https:\/\/teranohub.com\/pl\/wp-json\/wp\/v2\/types\/page"}],"author":[{"embeddable":true,"href":"https:\/\/teranohub.com\/pl\/wp-json\/wp\/v2\/users\/1"}],"replies":[{"embeddable":true,"href":"https:\/\/teranohub.com\/pl\/wp-json\/wp\/v2\/comments?post=5695"}],"version-history":[{"count":21,"href":"https:\/\/teranohub.com\/pl\/wp-json\/wp\/v2\/pages\/5695\/revisions"}],"predecessor-version":[{"id":6079,"href":"https:\/\/teranohub.com\/pl\/wp-json\/wp\/v2\/pages\/5695\/revisions\/6079"}],"up":[{"embeddable":true,"href":"https:\/\/teranohub.com\/pl\/wp-json\/wp\/v2\/pages\/5525"}],"wp:featuredmedia":[{"embeddable":true,"href":"https:\/\/teranohub.com\/pl\/wp-json\/wp\/v2\/media\/4643"}],"wp:attachment":[{"href":"https:\/\/teranohub.com\/pl\/wp-json\/wp\/v2\/media?parent=5695"}],"curies":[{"name":"wp","href":"https:\/\/api.w.org\/{rel}","templated":true}]}}