{"id":5525,"date":"2026-01-20T11:23:31","date_gmt":"2026-01-20T11:23:31","guid":{"rendered":"https:\/\/teranohub.com\/?page_id=5525"},"modified":"2026-01-25T18:30:26","modified_gmt":"2026-01-25T18:30:26","slug":"teranohub-ou","status":"publish","type":"page","link":"https:\/\/teranohub.com\/pl\/","title":{"rendered":"Strona g\u0142\u00f3wna"},"content":{"rendered":"\n\n\n\n\n\n\n\n\n\n\n\n\n\n","protected":false},"excerpt":{"rendered":"","protected":false},"author":1,"featured_media":4643,"parent":0,"menu_order":0,"comment_status":"closed","ping_status":"closed","template":"page-strona-glowna-2-template","meta":{"saved_in_kubio":true,"_seopress_robots_primary_cat":"","_seopress_titles_title":"TeranoHub O\u00dc: Wsparcie sprzeda\u017cy, strony internetowe","_seopress_titles_desc":"TeranoHub O\u00dc wspiera firmy B2B w pozyskiwaniu klient\u00f3w przez lead generation i wsparcie sprzeda\u017cy. Tworzymy strony WWW SEO-friendly.","_seopress_robots_index":"","footnotes":""},"class_list":["post-5525","page","type-page","status-publish","has-post-thumbnail","hentry"],"kubio_ai_page_context":{"short_desc":"","purpose":"general"},"_links":{"self":[{"href":"https:\/\/teranohub.com\/pl\/wp-json\/wp\/v2\/pages\/5525","targetHints":{"allow":["GET"]}}],"collection":[{"href":"https:\/\/teranohub.com\/pl\/wp-json\/wp\/v2\/pages"}],"about":[{"href":"https:\/\/teranohub.com\/pl\/wp-json\/wp\/v2\/types\/page"}],"author":[{"embeddable":true,"href":"https:\/\/teranohub.com\/pl\/wp-json\/wp\/v2\/users\/1"}],"replies":[{"embeddable":true,"href":"https:\/\/teranohub.com\/pl\/wp-json\/wp\/v2\/comments?post=5525"}],"version-history":[{"count":83,"href":"https:\/\/teranohub.com\/pl\/wp-json\/wp\/v2\/pages\/5525\/revisions"}],"predecessor-version":[{"id":6077,"href":"https:\/\/teranohub.com\/pl\/wp-json\/wp\/v2\/pages\/5525\/revisions\/6077"}],"wp:featuredmedia":[{"embeddable":true,"href":"https:\/\/teranohub.com\/pl\/wp-json\/wp\/v2\/media\/4643"}],"wp:attachment":[{"href":"https:\/\/teranohub.com\/pl\/wp-json\/wp\/v2\/media?parent=5525"}],"curies":[{"name":"wp","href":"https:\/\/api.w.org\/{rel}","templated":true}]}}