{"id":5788,"date":"2026-01-24T14:19:40","date_gmt":"2026-01-24T14:19:40","guid":{"rendered":"https:\/\/teranohub.com\/?page_id=5788"},"modified":"2026-01-25T18:32:18","modified_gmt":"2026-01-25T18:32:18","slug":"our-services","status":"publish","type":"page","link":"https:\/\/teranohub.com\/en\/teranohub-ou\/our-services\/","title":{"rendered":"Services"},"content":{"rendered":"","protected":false},"excerpt":{"rendered":"","protected":false},"author":1,"featured_media":5817,"parent":5525,"menu_order":2,"comment_status":"closed","ping_status":"closed","template":"page-uslugi-template","meta":{"saved_in_kubio":true,"_seopress_robots_primary_cat":"","_seopress_titles_title":"Generowanie lead\u00f3w B2B i strony internetowe \u2013 TeranoHub O\u00dc","_seopress_titles_desc":"TeranoHub O\u00dc oferuje generowanie lead\u00f3w B2B, wsparcie sprzeda\u017cy, kampanie cold mailingowe oraz projektowanie stron internetowych i sklep\u00f3w online.","_seopress_robots_index":"","footnotes":""},"class_list":["post-5788","page","type-page","status-publish","has-post-thumbnail","hentry"],"kubio_ai_page_context":{"short_desc":"","purpose":"general"},"_links":{"self":[{"href":"https:\/\/teranohub.com\/en\/wp-json\/wp\/v2\/pages\/5788","targetHints":{"allow":["GET"]}}],"collection":[{"href":"https:\/\/teranohub.com\/en\/wp-json\/wp\/v2\/pages"}],"about":[{"href":"https:\/\/teranohub.com\/en\/wp-json\/wp\/v2\/types\/page"}],"author":[{"embeddable":true,"href":"https:\/\/teranohub.com\/en\/wp-json\/wp\/v2\/users\/1"}],"replies":[{"embeddable":true,"href":"https:\/\/teranohub.com\/en\/wp-json\/wp\/v2\/comments?post=5788"}],"version-history":[{"count":26,"href":"https:\/\/teranohub.com\/en\/wp-json\/wp\/v2\/pages\/5788\/revisions"}],"predecessor-version":[{"id":6082,"href":"https:\/\/teranohub.com\/en\/wp-json\/wp\/v2\/pages\/5788\/revisions\/6082"}],"up":[{"embeddable":true,"href":"https:\/\/teranohub.com\/en\/wp-json\/wp\/v2\/pages\/5525"}],"wp:featuredmedia":[{"embeddable":true,"href":"https:\/\/teranohub.com\/en\/wp-json\/wp\/v2\/media\/5817"}],"wp:attachment":[{"href":"https:\/\/teranohub.com\/en\/wp-json\/wp\/v2\/media?parent=5788"}],"curies":[{"name":"wp","href":"https:\/\/api.w.org\/{rel}","templated":true}]}}